{"id":596,"date":"2024-11-21T12:11:11","date_gmt":"2024-11-21T12:11:11","guid":{"rendered":"https:\/\/vwggooi.nl\/?page_id=596"},"modified":"2024-12-09T10:58:39","modified_gmt":"2024-12-09T10:58:39","slug":"infoschuur","status":"publish","type":"page","link":"https:\/\/vwggooi.nl\/index.php\/infoschuur\/","title":{"rendered":"Infoschuur"},"content":{"rendered":"<p>Contactavonden worden gehouden in<\/p>\n<p>Infoschuur (GNR)<br \/>Naarderweg 103<br \/>1217 GL Hilversum<\/p>\n<p>Let op, want vooral in het donker mis je de afslag van de N524 naar de Infoschuur gemakkelijk. Als je vanaf Hilversum komt, dan is het de afslag naar links net nadat je onder het ecoduct bent gereden. En kom je van de kant van Bussum, dan is het de afslag naar rechts v\u00f3\u00f3r het ecoduct.<\/p>\n<p><iframe loading=\"lazy\" style=\"border: 0;\" src=\"https:\/\/www.google.com\/maps\/embed?pb=!1m18!1m12!1m3!1d6908.190869319673!2d5.162655770748305!3d52.25402123199442!2m3!1f0!2f0!3f0!3m2!1i1024!2i768!4f13.1!3m3!1m2!1s0x47c61355efaa8719%3A0xb752a168192baec7!2sNaarderweg%20103%2C%201217%20GL%20Hilversum!5e0!3m2!1sen!2snl!4v1732285829526!5m2!1sen!2snl\" width=\"600\" height=\"450\" allowfullscreen=\"allowfullscreen\"><\/iframe><\/p>\n\n\n<p><\/p>\n\n\n\n<p><strong>Gebruikersregeling Infoschuur<\/strong><\/p>\n\n\n\n<p><a href=\"https:\/\/vwggooi.nl\/wp-content\/uploads\/vereniging\/20241007_Gebruiksregeling_Infoschuur_v50.pdf\">20241007 Gebruiksregeling Infoschuur v50<\/a><\/p>\n\n\n\n<p><strong>Weg met de weggooibekers<\/strong><\/p>\n\n\n\n<figure class=\"wp-block-image size-full is-resized\"><img loading=\"lazy\" decoding=\"async\" width=\"175\" height=\"135\" src=\"https:\/\/vwggooi.nl\/wp-content\/uploads\/mok-1.jpg\" alt=\"\" class=\"wp-image-1689\" style=\"width:97px;height:auto\"\/><\/figure>\n\n\n\n<p>\u201cVoor een beter milieu\u201d. Als liefhebbers van vogels en de natuur in het algemeen, willen we ons steentje bijdragen om de planeet te beschermen en te behouden voor toekomstige generaties.<br>Een van de veranderingen die we willen doorvoeren, is het stoppen met het gebruik van weggooibekers tijdens onze VWG-bijeenkomsten in de infoschuur. Wegwerpbekers vergroten de afvalberg en belasten ons milieu. Daarom introduceren we ons motto: &#8220;Breng je eigen beker mee!&#8221; Laten we voortaan allemaal een herbruikbare beker meenemen naar onze bijeenkomsten, zodat we het gebruik van wegwerpbekers kunnen verminderen en onze ecologische voetafdruk kunnen verkleinen. Op de avonden van de vogelcursus wordt dit al met succes toegepast!<\/p>\n\n\n\n<p><\/p>\n\n\n\n<p><strong>Parkeren en veiligheid van Infoschuur<\/strong><\/p>\n\n\n\n<p>Het bestuur wil graag de aandacht vestigen op een paar belangrijke punten met betrekking tot parkeren en veiligheid om en in de Infoschuur.<\/p>\n\n\n\n<p>Vooral bij druk bezochte bijeenkomsten is herhaaldelijk gebleken dat auto\u2019s staan geparkeerd waar dat niet mag. En ook binnen de Infoschuur zijn de veiligheidsaspecten voor verbetering vatbaar.<\/p>\n\n\n\n<p>Parkeren: Dit is uitsluitend toegestaan op de parkeerplaats! Bij drukbezochte evenementen kan deze snel vol raken en het is absoluut niet de bedoeling de auto te parkeren buiten de daartoe bestemde plaatsen. We willen daarom graag een beroep doen op jullie medewerking om dit in goede banen te leiden. Overweeg als bezoeker om zoveel mogelijk met de fiets te komen of om samen te reizen. Dit draagt niet alleen bij aan een beter milieu, maar helpt ook de parkeeroverlast te verminderen. En als je met de auto komt, parkeer dan zo strak mogelijk. Bij volle parkeerplaats kan overwogen worden om daar ook dubbel te parkeren. De laatst komende moet dan wel als eerste weg.<\/p>\n\n\n<p>Veiligheid binnen de Infoschuur: Om de veiligheid van iedereen te waarborgen, zijn er enkele belangrijke veiligheidseisen binnen de Infoschuur. De openslaande tuindeuren dienen te allen tijden geopend te zijn om als vluchtweg te dienen. Daarbij is het van cruciaal belang dat de ruimte v\u00f3\u00f3r de deuren te allen tijden vrij wordt gehouden, zodat deze als effectieve vluchtweg kunnen functioneren. Dus binnen g\u00e9\u00e9n stoelen voor de openslaande deuren en buiten geen fietsen voor de openslaande deuren.<\/p>\n\n\n\n<p>Deze richtlijnen waaraan wij zijn gehouden zijn opgesteld door de brandweer en de eigenaar van de Infoschuur (GNR). We willen benadrukken dat de vogelwerkgroep aansprakelijk kan worden gesteld indien niet aan deze veiligheidsvoorwaarden wordt voldaan.<\/p>\n\n\n\n<p><strong>Nieuwsbrieven groene Gooise organisaties<\/strong><\/p>\n\n\n\n<p>In de infoschuur werken zeven groene organisaties samen, waaronder onze Vogelwerkgroep Het Gooi en Omstreken. Bij al deze organisaties verschijnen regelmatig nieuwsbrieven. Tijdens het overleg tussen de infoschuur gebruikers is het idee naar voren gekomen dat het mogelijk een goed plan zou zijn als de leden van de diverse organisaties elkaars nieuwsbrief zouden kunnen lezen. Alle partijen reageerden hier positief op. Onderstaand treffen jullie de links naar de diverse nieuwsbrieven aan. Wil je \u00e9\u00e9n of nieuwsbrieven in de mail ontvangen ga dan naar deze links en meld je aan.<\/p>\n\n\n\n<p>\u2022 GNR:&nbsp;<a href=\"https:\/\/gnr.nl\/blijf-op-de-hoogte\/nieuwsbrief\/\">gnr.nl\/blijf-op-de-hoogte\/nieuwsbrief\/<\/a>&nbsp;en voor de activiteitenagenda:&nbsp;<a href=\"https:\/\/gnr.nl\/blijf-op-de-hoogte\/agenda\/\">gnr.nl\/blijf-op-de-hoogte\/agenda\/<\/a><\/p>\n\n\n\n<p>\u2022 OGVE: aanmelden voor nieuwsbrief via deze link. Activiteitenagenda via&nbsp;<a href=\"http:\/\/www.omgevingseducatie.nl\/\">www.omgevingseducatie.nl<\/a>&nbsp;en&nbsp;<a href=\"http:\/\/www.nmegooivechtstreek.nl\/\">www.nmegooivechtstreek.nl<\/a><\/p>\n\n\n\n<p>\u2022 IVN:&nbsp;<a href=\"https:\/\/www.ivn.nl\/afdeling\/gooi-en-omstreken\/activiteiten\">www.ivn.nl\/afdeling\/gooi-en-omstreken\/activiteiten<\/a><\/p>\n\n\n\n<p>\u2022 KNNV:&nbsp;<a href=\"https:\/\/www.knnv.nl\/agenda\/325\">www.knnv.nl\/agenda\/325<\/a><\/p>\n\n\n\n<p>\u2022 Grote Ratelaar, uitgave van IVN en KNNV:&nbsp;<a href=\"https:\/\/www.ivn.nl\/afdeling\/gooien-omstreken\/grote-ratelaar\">www.ivn.nl\/afdeling\/gooien-omstreken\/grote-ratelaar<\/a><\/p>\n\n\n\n<p>\u2022 VWG: linksonderaan op de website&nbsp;<a href=\"https:\/\/vwggooi.nl\/\">www.vwggooi.nl<\/a>&nbsp;of via een e-mail naar&nbsp;<a href=\"mailto:nieuwsbrief@vwggooi.nl\"><\/a><a href=\"mailto:nieuwsbrief@vwggooi.nl\">nieuwsbrief@vwggooi.nl<\/a><\/p>\n\n\n\n<p>\u2022 VVG:&nbsp;<a href=\"https:\/\/www.vriendenvanhetgooi.nl\/blijf-op-de-hoogte\/nieuwsbrief\/\">www.vriendenvanhetgooi.nl\/blijf-op-de-hoogte\/nieuwsbrief\/<\/a><\/p>\n\n\n\n<p>Zoals je ziet staat ook onze nieuwsbrief in het lijstje. Dus mocht je deze nog niet ontvangen meld je dan nu aan.<\/p>\n\n\n\n<p><\/p>\n","protected":false},"excerpt":{"rendered":"<p>Contactavonden worden gehouden in Infoschuur (GNR)Naarderweg 1031217 GL Hilversum Let op, want vooral in het donker mis je de afslag van de N524 naar de Infoschuur gemakkelijk. Als je vanaf Hilversum komt, dan is het de afslag naar links net nadat je onder het ecoduct bent gereden. En kom je van de kant van Bussum, [&hellip;]<\/p>\n","protected":false},"author":1,"featured_media":0,"parent":0,"menu_order":0,"comment_status":"closed","ping_status":"closed","template":"","meta":{"_acf_changed":false,"footnotes":""},"class_list":["post-596","page","type-page","status-publish","hentry"],"acf":[],"_links":{"self":[{"href":"https:\/\/vwggooi.nl\/index.php\/wp-json\/wp\/v2\/pages\/596","targetHints":{"allow":["GET"]}}],"collection":[{"href":"https:\/\/vwggooi.nl\/index.php\/wp-json\/wp\/v2\/pages"}],"about":[{"href":"https:\/\/vwggooi.nl\/index.php\/wp-json\/wp\/v2\/types\/page"}],"author":[{"embeddable":true,"href":"https:\/\/vwggooi.nl\/index.php\/wp-json\/wp\/v2\/users\/1"}],"replies":[{"embeddable":true,"href":"https:\/\/vwggooi.nl\/index.php\/wp-json\/wp\/v2\/comments?post=596"}],"version-history":[{"count":11,"href":"https:\/\/vwggooi.nl\/index.php\/wp-json\/wp\/v2\/pages\/596\/revisions"}],"predecessor-version":[{"id":1694,"href":"https:\/\/vwggooi.nl\/index.php\/wp-json\/wp\/v2\/pages\/596\/revisions\/1694"}],"wp:attachment":[{"href":"https:\/\/vwggooi.nl\/index.php\/wp-json\/wp\/v2\/media?parent=596"}],"curies":[{"name":"wp","href":"https:\/\/api.w.org\/{rel}","templated":true}]}}