{"id":608,"date":"2024-11-21T12:23:57","date_gmt":"2024-11-21T12:23:57","guid":{"rendered":"https:\/\/vwggooi.nl\/?page_id=608"},"modified":"2025-02-05T18:41:36","modified_gmt":"2025-02-05T18:41:36","slug":"avg-privacyverklaring","status":"publish","type":"page","link":"https:\/\/vwggooi.nl\/index.php\/avg-privacyverklaring\/","title":{"rendered":"AVG Privacyverklaring"},"content":{"rendered":"<p><strong>AVG, WAT MOETEN WE ERMEE?<br \/>\n<\/strong>De AVG is de afkorting voor Algemene Verordening Gegevensbescherming. Dit is een Europese verordening die de regels voor de verwerking van persoonsgegevens door particuliere bedrijven, verenigingen en overheidsinstanties in de hele Europese Unie standaardiseert.\u202fOok wij als Vogelwerkgroep Het Gooi en Omstreken hebben daar mee te maken. Daarom is onderstaand privacyreglement opgesteld. Daarin staat hoe de vereniging omgaat met de privacy van de leden. En lid zijn van de VWG betekent dat je instemt met deze manier van gegevens bewaren en gebruiken. Zo weten de leden, de co\u00f6rdinatoren en het bestuur hoe de werkgroep dient om te gaan met persoonlijke gegevens. Onderstaand treft je het privacyreglement aan.<\/p>\n<p><strong>Privacyverklaring\u00a0Vogelwerkgroep het Gooi en Omstreken<br \/>\n<\/strong>In het kader van de AVG laten we je in deze verklaring weten welke gegevens we opslaan en wat we ermee doen.<\/p>\n<p><strong>De gegevens die we opslaan<br \/>\n<\/strong>Voor onze administratie, het toesturen van ons verenigingsblad en de activiteiten die we in verenigingsverband organiseren slaan we de volgende gegevens op:<br \/>\n* naam<br \/>\n* geslacht<br \/>\n* adres<br \/>\n* e-mailadres<br \/>\n* telefoonnummer(s)<br \/>\n* bankrekeningnummer<br \/>\n* automatische incasso<br \/>\n* datum start lidmaatschap<br \/>\n* deelname aan werkgroepen \/ activiteiten \/ belangstellingsregistratie<br \/>\n* soort lidmaatschap (gewoon lid, huisgenoot-lid, ere-lid)<br \/>\n* oorkondes, verdiensten etc.<\/p>\n<p><strong>Doeleinden gebruik<br \/>\n<\/strong>Wij gebruiken deze gegevens uitsluitend om activiteiten van de VWG te co\u00f6rdineren. Alle gegevens zijn voor eigen gebruik. We stellen de gegevens intern alleen ter beschikking na een gemotiveerd verzoek. Daarover besluit het Bestuur.<br \/>\nWij delen alleen gegevens met derden indien dat nodig of wenselijk is voor de activiteiten die we in verenigingsverband organiseren (zoals een verwerkersovereenkomst met de drukker). We verkopen of ruilen gegevens niet met derden.<\/p>\n<p><strong>Beheer persoonsgegevens<br \/>\n<\/strong>Beheerder van de gegevens is het bestuur (<span id=\"cloakcc69bc94d889672ea07bfdf2008567f1\"><a href=\"mailto:secretaris@vwggooi.nl\">secretaris@vwggooi.nl<\/a><\/span>) die het beheer kan delegeren aan de ledenadministrateur (<a href=\"mailto:ledenadministratie@vwggooi.conscribo.nl\">ledenadministratie@vwggooi.conscribo.nl<\/a>).<\/p>\n<p><strong>Internet<br \/>\n<\/strong>Onze website gebruikt alleen functionele cookies.<br \/>\nOnze internetpagina\u2019s kunnen links naar andere websites bevatten. De Vogelwerkgroep het Gooi en Omstreken is niet verantwoordelijk voor het privacybeleid van websites die niet onder ons beheer vallen.<\/p>\n<p><strong>Gegevensbeveiliging<br \/>\n<\/strong>Wij gaan zorgvuldig om met jouw gegevens en beschermen ze zo goed mogelijk. De ledenadministratie wordt bijgehouden met <a href=\"https:\/\/www.conscribo.nl\/\">Conscribo<\/a>. Deze online administratie software is een speciaal voor verenigingsbestuurders ontwikkeld programma. De ledenadministratie is alleen door bevoegde personen in te zien.<\/p>\n<p><strong>Inzage<br \/>\n<\/strong>Je mag ons altijd vragen naar de persoonsgegevens die we van je bewaren. Je kunt ons verzoeken gegevens te wijzigen of aan te vullen en dient er zelf voor te zorgen dat de Vogelwerkgroep het Gooi en Omstreken over de juiste actuele persoonsgegevens beschikt. Je hebt het recht om op elk moment je persoonsgegevens te laten verwijderen (dan eindigt dus ook je lidmaatschap). Na be\u00ebindiging van het lidmaatschap bewaren we je gegevens tot nog maximaal \u00e9\u00e9n kalenderjaar, tenzij je aangeeft dat je dat anders wilt. Voor vragen over je gegevens kun je contact opnemen met <a href=\"mailto:ledenadministratie@vwggooi.conscribo.nl\">ledenadministratie@vwggooi.conscribo.nl<\/a>.<\/p>\n","protected":false},"excerpt":{"rendered":"<p>AVG, WAT MOETEN WE ERMEE? De AVG is de afkorting voor Algemene Verordening Gegevensbescherming. Dit is een Europese verordening die de regels voor de verwerking van persoonsgegevens door particuliere bedrijven, verenigingen en overheidsinstanties in de hele Europese Unie standaardiseert.\u202fOok wij als Vogelwerkgroep Het Gooi en Omstreken hebben daar mee te maken. Daarom is onderstaand privacyreglement [&hellip;]<\/p>\n","protected":false},"author":1,"featured_media":0,"parent":0,"menu_order":0,"comment_status":"closed","ping_status":"closed","template":"","meta":{"_acf_changed":false,"footnotes":""},"class_list":["post-608","page","type-page","status-publish","hentry"],"acf":[],"_links":{"self":[{"href":"https:\/\/vwggooi.nl\/index.php\/wp-json\/wp\/v2\/pages\/608","targetHints":{"allow":["GET"]}}],"collection":[{"href":"https:\/\/vwggooi.nl\/index.php\/wp-json\/wp\/v2\/pages"}],"about":[{"href":"https:\/\/vwggooi.nl\/index.php\/wp-json\/wp\/v2\/types\/page"}],"author":[{"embeddable":true,"href":"https:\/\/vwggooi.nl\/index.php\/wp-json\/wp\/v2\/users\/1"}],"replies":[{"embeddable":true,"href":"https:\/\/vwggooi.nl\/index.php\/wp-json\/wp\/v2\/comments?post=608"}],"version-history":[{"count":9,"href":"https:\/\/vwggooi.nl\/index.php\/wp-json\/wp\/v2\/pages\/608\/revisions"}],"predecessor-version":[{"id":2982,"href":"https:\/\/vwggooi.nl\/index.php\/wp-json\/wp\/v2\/pages\/608\/revisions\/2982"}],"wp:attachment":[{"href":"https:\/\/vwggooi.nl\/index.php\/wp-json\/wp\/v2\/media?parent=608"}],"curies":[{"name":"wp","href":"https:\/\/api.w.org\/{rel}","templated":true}]}}