{"id":812,"date":"2024-11-28T21:40:26","date_gmt":"2024-11-28T21:40:26","guid":{"rendered":"https:\/\/vwggooi.nl\/?page_id=812"},"modified":"2025-09-20T19:08:57","modified_gmt":"2025-09-20T17:08:57","slug":"vogelherkenningscursus","status":"publish","type":"page","link":"https:\/\/vwggooi.nl\/index.php\/vogelherkenningscursus\/","title":{"rendered":"Vogelherkenningscursus"},"content":{"rendered":"<p><strong>Vogels kijken voor beginners 2025-2026<\/strong><\/p>\n<p>De eerstvolgende cursus \u201cVogels kijken voor beginners\u201d start op dinsdag 7 oktober 2025.<\/p>\n<p>Als je interesse hebt in het deelnemen aan de cursus, meld je dan aan\u00a0via\u00a0<a href=\"https:\/\/vwggooi.nl\/index.php\/aanmelden-vogelcursus-voor-beginners\/\" target=\"_blank\" rel=\"noopener\">deze pagina<\/a>.<\/p>\n<p>Elk jaar organiseert een enthousiast cursusteam van de Vogelwerkgroep een cursus\u00a0<strong>\u201cVogels kijken voor beginners\u201d.\u00a0<\/strong>Vanaf 16 jaar kan je deelnemen. De cursus kent een theorie- en een praktijkgedeelte: er zijn twee presentaties per dinsdagavond (het theoriegedeelte) over allerlei onderwerpen op vogelgebied en er zijn excursies in het weekend (het praktijkgedeelte) waarbij met het geleerde geoefend kan worden. Met de presentaties van de dinsdagavonden worden jullie voorbereid op de daaropvolgende excursies in de weekenden. Ervaren vogelaars staan tijdens de excursies voor jullie klaar om antwoord te geven op al jullie vragen op vogelgebied. De cursus wordt gegeven in twee blokken van ieder zes weken. Het eerste blok begint in oktober 2025, het tweede blok start in maart 2026. De dinsdagavonden starten om 20.00 uur in de infoschuur van het GNR, Naarderweg 103A te Hilversum. Komend vanaf Hilversum sla je af bij de eerste afslag links n\u00e0 de Natuurbrug, komend vanaf Bussum is de afslag rechts v\u00f3\u00f3r de Natuurbrug.<\/p>\n<p><strong>Het eerste blok presentatieavonden najaar 2025<\/strong><\/p>\n<p>Op zes theorie-avonden van 20.00 uur tot ongeveer 22.15 uur vertellen wij jullie over de vogels die het hele jaar hier vertoeven en de vogels die in het najaar naar Nederland komen om hier te overwinteren (wintergasten) en natuurlijk over de vogeltrek. De data zijn dinsdag\u00a0 7, 14, 21, 28 oktober en 4 en 11 november 2025.<\/p>\n<p><strong>Excursies najaar 2025<\/strong><\/p>\n<p>We gaan vier keer op excursie: twee keer op zondagmorgen 19 oktober en 2 november en twee keer op zaterdagmorgen 25 oktober en 8 november 2025: De excursies duren drie uur. Alleen de laatste excursie op 8 november duurt zes uur. De excursies gaan altijd door, weer of geen weer. Je hebt een verrekijker nodig voor de excursies; als je er nog geen hebt kan je er misschien een lenen van vrienden of familie, kopen kan altijd nog. Er is een beperkt aantal verrekijkers te leen.<\/p>\n<p><strong>Het tweede blok presentatieavonden voorjaar 2026<\/strong><\/p>\n<p>Ook in het voorjaar zijn er zes presentatieavonden van 20.00 &#8211; 22.15 uur waarop wij meer ingaan op het verblijf van vogels die hierheen komen om te broeden (zomergasten). Ook vogelzang, nestbouw, weidevogels en roofvogels krijgen aandacht. De data zijn: dinsdag 17, 24, 31 maart en 7, 14, en 21 april 2026.<\/p>\n<p><strong>Excursies voorjaar 2026<\/strong><\/p>\n<p>Ook in het voorjaar zijn er vier excursies, met dezelfde opzet als tijdens de najaarsexcursies.\u00a0De data zijn: zondagmorgen 29 maart en 12 april; zaterdagmorgen 4 april en 18 april, de laatste excursie duurt weer zes uur, de andere excursies drie uur.<\/p>\n<p><strong>Kosten en lidmaatschap<\/strong><\/p>\n<p>De kosten voor beide blokken samen bedragen \u20ac 70,00,- Ben je nog geen lid van VWG?\u00a0Dan word je bij aanmelding ook automatisch lid voor \u20ac 20,00: je betaalt dus \u20ac 90,00 (het\u00a0lidmaatschap van de vereniging is jaarlijks opzegbaar. Cursuskosten en lidmaatschap\u00a0worden kort voor de aanvang van de cursus via automatische incasso ge\u00efnd.<\/p>\n<p>Een tweede cursist, wonend op hetzelfde adres, betaalt voor het lidmaatschap \u20ac 7,00. Het cursusgeld + lidmaatschap voor deze medebewoner (huisgenoot-lid) bedraagt dus \u20ac 77,00 (70 + 7). Als lid kan je gelijk profiteren van de voordelen van de vereniging zoals deelnemen aan excursies, lezingen, verenigingsblad De Korhaan.\u00a0Deelname annuleren kan tot 31 juli 2025. Je ontvangt het cursusgeld retour.<\/p>\n<p><strong><br \/>\nNog vragen?<\/strong><\/p>\n<p>Mail naar\u00a0<span id=\"cloak95164454a5cd4a44839addcd6a49b037\"><a href=\"mailto:cursussen@vwggooi.nl\">cursussen@vwggooi.nl<\/a><\/span><\/p>\n","protected":false},"excerpt":{"rendered":"<p>Vogels kijken voor beginners 2025-2026 De eerstvolgende cursus \u201cVogels kijken voor beginners\u201d start op dinsdag 7 oktober 2025. Als je interesse hebt in het deelnemen aan de cursus, meld je dan aan\u00a0via\u00a0deze pagina. Elk jaar organiseert een enthousiast cursusteam van de Vogelwerkgroep een cursus\u00a0\u201cVogels kijken voor beginners\u201d.\u00a0Vanaf 16 jaar kan je deelnemen. De cursus kent [&hellip;]<\/p>\n","protected":false},"author":1,"featured_media":0,"parent":0,"menu_order":0,"comment_status":"closed","ping_status":"closed","template":"","meta":{"_acf_changed":false,"footnotes":""},"class_list":["post-812","page","type-page","status-publish","hentry"],"acf":[],"_links":{"self":[{"href":"https:\/\/vwggooi.nl\/index.php\/wp-json\/wp\/v2\/pages\/812","targetHints":{"allow":["GET"]}}],"collection":[{"href":"https:\/\/vwggooi.nl\/index.php\/wp-json\/wp\/v2\/pages"}],"about":[{"href":"https:\/\/vwggooi.nl\/index.php\/wp-json\/wp\/v2\/types\/page"}],"author":[{"embeddable":true,"href":"https:\/\/vwggooi.nl\/index.php\/wp-json\/wp\/v2\/users\/1"}],"replies":[{"embeddable":true,"href":"https:\/\/vwggooi.nl\/index.php\/wp-json\/wp\/v2\/comments?post=812"}],"version-history":[{"count":13,"href":"https:\/\/vwggooi.nl\/index.php\/wp-json\/wp\/v2\/pages\/812\/revisions"}],"predecessor-version":[{"id":3702,"href":"https:\/\/vwggooi.nl\/index.php\/wp-json\/wp\/v2\/pages\/812\/revisions\/3702"}],"wp:attachment":[{"href":"https:\/\/vwggooi.nl\/index.php\/wp-json\/wp\/v2\/media?parent=812"}],"curies":[{"name":"wp","href":"https:\/\/api.w.org\/{rel}","templated":true}]}}